{"id":429,"date":"2022-05-30T12:14:59","date_gmt":"2022-05-30T10:14:59","guid":{"rendered":"https:\/\/mobilitaetspreis.de\/impressum\/"},"modified":"2022-06-16T12:13:11","modified_gmt":"2022-06-16T10:13:11","slug":"impressum","status":"publish","type":"page","link":"https:\/\/mobilitaetspreis.de\/ls\/impressum\/","title":{"rendered":"Impressum"},"content":{"rendered":"<p>[vc_row][vc_column][vc_row_inner][vc_column_inner el_id=&#8221;wpml-home-ls&#8221;][\/vc_column_inner][\/vc_row_inner]<h3 class=\"grve-element grve-title grve-align-inherit grve-h3\"><span>Impressum nach DSGVO<\/span><\/h3>[vc_column_text]Think Tank iRights.Lab (GmbH)<br \/>\nProjekt Deutscher Mobilit\u00e4tspreis<br \/>\nOranienstra\u00dfe 185<br \/>\nD-10999 Berlin<br \/>\nTelefon: +49 (0)30 40 36 77 230<br \/>\nFax: +49 (0)30 40 36 77 260<br \/>\nE-Mail:\u00a0<a href=\"mailto:info@mobilitaetspreis.de\" target=\"_blank\" rel=\"noreferrer noopener\">info@mobilitaetspreis.de<\/a><a href=\"mailto:momo@irights-lab.de\"><br \/>\n<\/a><\/p>\n<p>Vertretungsberechtigt: Philipp Otto (Direktor und Gesch\u00e4ftsf\u00fchrer), Dr. Wiebke Gl\u00e4sser (Gesch\u00e4ftsf\u00fchrerin)<br \/>\nRegistergericht: Amtsgericht Berlin-Charlottenburg,<br \/>\nRegisternummer: HRB 185640 B<br \/>\nFinanzamt: Finanzamt f\u00fcr K\u00f6rperschaften II<br \/>\nUSt-IdNr.: DE311181302<\/p>\n<p>Inhaltlich Verantwortlicher i.S.d. \u00a755 Abs. 2 RStV: Philipp Otto (Anschrift siehe oben)<\/p>\n<p><strong>HAFTUNGSAUSSCHLUSS F\u00dcR EIGENE INHALTE<\/strong><\/p>\n<p>Das Online-Angebot wurde mit gr\u00f6\u00dfter Sorgfalt erstellt und die Inhalte gepr\u00fcft. Jedoch kann f\u00fcr die Vollst\u00e4ndigkeit des Angebots, f\u00fcr Fehler inhaltlicher und technischer Art sowie f\u00fcr die Aktualit\u00e4t der Internetseite keine Haftung \u00fcbernommen werden, soweit nicht vors\u00e4tzlich oder grob fahrl\u00e4ssig gehandelt wurde. Soweit die auf diesen Seiten eingestellten Inhalte Rechtsvorschriften, amtliche Hinweise, Empfehlungen oder Ausk\u00fcnfte enthalten, gilt bei Unstimmigkeiten ausschlie\u00dflich die aktuelle, amtliche Fassung, wie sie im daf\u00fcr vorgesehenen amtlichen Verk\u00fcndungsorgan ver\u00f6ffentlicht ist. Etwaige rechtliche Hinweise, Empfehlungen oder Ausk\u00fcnfte sind unverbindlich; eine Rechtsberatung findet nicht statt.<\/p>\n<p>Die Haftung ist ausgeschlossen f\u00fcr eventuelle Sch\u00e4den, die durch die Nutzung der angebotenen Ausk\u00fcnfte und Informationen entstehen. F\u00fcr etwaige Sch\u00e4den, die beim Aufrufen oder Herunterladen von Daten durch Computerviren oder der Installation oder Nutzung von Software verursacht werden, ist die Haftung ebenfalls ausgeschlossen, soweit nicht Vorsatz oder grob fahrl\u00e4ssiges Handeln des Verantwortlichen vorliegt.<\/p>\n<p><strong>HAFTUNGSAUSSCHLUSS F\u00dcR EXTERNE LINKS<\/strong><\/p>\n<p>Die Verweise durch Hyperlinks auf Inhalte fremder Webseiten dienen lediglich der Information. Die iRights.Lab GmbH macht sich die Inhalte anderer Webseiten nicht zu Eigen. Verantwortlich ist allein der jeweilige Betreiber der Internetseite. Dies gilt f\u00fcr alle Seiten auf iRights.Lab und die dort verlinkten Online-Angebote. Zum Zeitpunkt der Verlinkung wurden die jeweiligen Webseiten auf m\u00f6gliche Rechtsverst\u00f6\u00dfe oder offensichtliche inhaltliche Fehler \u00fcberpr\u00fcft. Diese waren zum Zeitpunkt der Verlinkung nicht erkennbar. Der Inhalt dieser Angebote kann jederzeit ohne das Wissen der Redaktion ge\u00e4ndert werden. Eine durchgehende Kontrolle der verlinkten Seiten ist leider nicht realisierbar.<\/p>\n<p><strong>URHEBERRECHT<\/strong><\/p>\n<p>Die Inhalte dieser Webseite (Texte, Tondokumente, Grafiken, Bilder, Videos) stehen, wenn nicht anders angegeben, unter der\u00a0Creative-Commons-Lizenz:\u00a0<a href=\"https:\/\/creativecommons.org\/licenses\/by-sa\/4.0\/deed.de\" target=\"_blank\" rel=\"noreferrer noopener\">CC-BY-SA 4.0 International<\/a>\u00a0(Namensnennung \u2013 Weitergabe unter gleichen Bedingungen 4.0 International Lizenz). Kurz zusammengefasst hei\u00dft das: Sie d\u00fcrfen das Material vervielf\u00e4ltigen und weiterverbreiten, auch in bearbeiteter Form, sofern Sie in angemessener Form auf die Quelle bzw. die Urheber verweisen, es unter derselben Lizenz verbreiten, einen Link zu dieser Lizenz hinzuf\u00fcgen und angeben, ob Sie Ver\u00e4nderungen vorgenommen haben. Die genauen Bestimmungen\u00a0finden Sie <a href=\"https:\/\/creativecommons.org\/licenses\/by-sa\/4.0\/legalcode.de\" target=\"_blank\" rel=\"noreferrer noopener\">hier<\/a>.<\/p>\n<p>Die Inhalte Dritter werden als solche gekennzeichnet. Bei Inhalten Dritter bedarf es der schriftlichen Zustimmung des jeweiligen Autors, Fotografen oder Erstellers.<\/p>\n<p><strong>FEHLERMELDUNGEN\/MELDUNGEN \u00dcBER RECHTSVERST\u00d6SSE<\/strong><\/p>\n<p>iRights.Lab bittet um Mitteilung, falls die Webseiten der iRights.Lab auf Inhalte verweisen, die Anlass zur Beanstandung geben oder gar rechtswidrig sind. Bei Urheberrechtsverletzungen wird gleichfalls um einen entsprechenden Hinweis unter der Kontaktadresse\u00a0<a href=\"mailto:info@mobilitaetspreis.de\" target=\"_blank\" rel=\"noreferrer noopener\">info@mobilitaetspreis.de<\/a>\u00a0gebeten.<\/p>\n<p>Gleiches gilt f\u00fcr den Fall, dass eigene Inhalte nicht fehlerfrei, aktuell, vollst\u00e4ndig und verst\u00e4ndlich sind. Bei Bekanntwerden von Rechtsverletzungen werden wir derartige Inhalte umgehend entfernen.[\/vc_column_text][\/vc_column][\/vc_row][vc_row][vc_column][vc_column_text]Website by: RAM Studio[\/vc_column_text][\/vc_column][\/vc_row][vc_row][vc_column][vc_column_text]Fragen oder Feedback zum Inhalt?[\/vc_column_text]<div class=\"grve-empty-space grve-height-1x\"><\/div><div class=\"grve-element grve-align-inherit\"><a href=\"mailto:info@mobilitaetspreis.de\"    class=\"btn-outline\"><span>Das DMP Team kontaktieren<\/span><span class=\"screen-reader-text\">Das DMP Team kontaktieren<\/span><\/a><\/div>[\/vc_column][\/vc_row]<\/p>\n","protected":false},"excerpt":{"rendered":"<p>[vc_row][vc_column][vc_row_inner][vc_column_inner el_id=&#8221;wpml-home-ls&#8221;][\/vc_column_inner][\/vc_row_inner][vc_column_text]Think Tank iRights.Lab (GmbH) Projekt Deutscher Mobilit\u00e4tspreis Oranienstra\u00dfe 185 D-10999 Berlin Telefon: +49 (0)30 40 36 77 230 Fax: +49 (0)30 40 36 77 260 E-Mail:\u00a0info@mobilitaetspreis.de Vertretungsberechtigt: Philipp Otto (Direktor und Gesch\u00e4ftsf\u00fchrer), Dr. Wiebke Gl\u00e4sser (Gesch\u00e4ftsf\u00fchrerin) Registergericht: Amtsgericht Berlin-Charlottenburg, Registernummer: HRB 185640 B Finanzamt: Finanzamt f\u00fcr K\u00f6rperschaften II USt-IdNr.: DE311181302 Inhaltlich Verantwortlicher i.S.d. \u00a755 [&hellip;]<\/p>\n","protected":false},"author":1,"featured_media":0,"parent":0,"menu_order":0,"comment_status":"closed","ping_status":"closed","template":"","meta":[],"yoast_head":"<!-- This site is optimized with the Yoast SEO plugin v18.9 - https:\/\/yoast.com\/wordpress\/plugins\/seo\/ -->\n<title>Impressum - Deutscher Mobilit\u00e4tspreis<\/title>\n<meta name=\"robots\" content=\"index, follow, max-snippet:-1, max-image-preview:large, max-video-preview:-1\" \/>\n<link rel=\"canonical\" href=\"https:\/\/mobilitaetspreis.de\/ls\/impressum\/\" \/>\n<meta property=\"og:locale\" content=\"en_US\" \/>\n<meta property=\"og:type\" content=\"article\" \/>\n<meta property=\"og:title\" content=\"Impressum - Deutscher Mobilit\u00e4tspreis\" \/>\n<meta property=\"og:description\" content=\"[vc_row][vc_column][vc_row_inner][vc_column_inner el_id=&#8221;wpml-home-ls&#8221;][\/vc_column_inner][\/vc_row_inner][vc_column_text]Think Tank iRights.Lab (GmbH) Projekt Deutscher Mobilit\u00e4tspreis Oranienstra\u00dfe 185 D-10999 Berlin Telefon: +49 (0)30 40 36 77 230 Fax: +49 (0)30 40 36 77 260 E-Mail:\u00a0info@mobilitaetspreis.de Vertretungsberechtigt: Philipp Otto (Direktor und Gesch\u00e4ftsf\u00fchrer), Dr. Wiebke Gl\u00e4sser (Gesch\u00e4ftsf\u00fchrerin) Registergericht: Amtsgericht Berlin-Charlottenburg, Registernummer: HRB 185640 B Finanzamt: Finanzamt f\u00fcr K\u00f6rperschaften II USt-IdNr.: DE311181302 Inhaltlich Verantwortlicher i.S.d. \u00a755 [&hellip;]\" \/>\n<meta property=\"og:url\" content=\"https:\/\/mobilitaetspreis.de\/ls\/impressum\/\" \/>\n<meta property=\"og:site_name\" content=\"Deutscher Mobilit\u00e4tspreis\" \/>\n<meta property=\"article:modified_time\" content=\"2022-06-16T10:13:11+00:00\" \/>\n<meta property=\"og:image\" content=\"https:\/\/mobilitaetspreis.de\/wp-content\/uploads\/2022\/06\/Preview_Web-05-scaled.jpg\" \/>\n\t<meta property=\"og:image:width\" content=\"2560\" \/>\n\t<meta property=\"og:image:height\" content=\"1344\" \/>\n\t<meta property=\"og:image:type\" content=\"image\/jpeg\" \/>\n<meta name=\"twitter:card\" content=\"summary_large_image\" \/>\n<meta name=\"twitter:site\" content=\"@dmp_innovativ\" \/>\n<script type=\"application\/ld+json\" class=\"yoast-schema-graph\">{\"@context\":\"https:\/\/schema.org\",\"@graph\":[{\"@type\":\"WebSite\",\"@id\":\"https:\/\/mobilitaetspreis.de\/#website\",\"url\":\"https:\/\/mobilitaetspreis.de\/\",\"name\":\"Deutscher Mobilit\u00e4tspreis\",\"description\":\"\",\"potentialAction\":[{\"@type\":\"SearchAction\",\"target\":{\"@type\":\"EntryPoint\",\"urlTemplate\":\"https:\/\/mobilitaetspreis.de\/?s={search_term_string}\"},\"query-input\":\"required name=search_term_string\"}],\"inLanguage\":\"ls-LS\"},{\"@type\":\"WebPage\",\"@id\":\"https:\/\/mobilitaetspreis.de\/ls\/impressum\/#webpage\",\"url\":\"https:\/\/mobilitaetspreis.de\/ls\/impressum\/\",\"name\":\"Impressum - Deutscher Mobilit\u00e4tspreis\",\"isPartOf\":{\"@id\":\"https:\/\/mobilitaetspreis.de\/#website\"},\"datePublished\":\"2022-05-30T10:14:59+00:00\",\"dateModified\":\"2022-06-16T10:13:11+00:00\",\"breadcrumb\":{\"@id\":\"https:\/\/mobilitaetspreis.de\/ls\/impressum\/#breadcrumb\"},\"inLanguage\":\"ls-LS\",\"potentialAction\":[{\"@type\":\"ReadAction\",\"target\":[\"https:\/\/mobilitaetspreis.de\/ls\/impressum\/\"]}]},{\"@type\":\"BreadcrumbList\",\"@id\":\"https:\/\/mobilitaetspreis.de\/ls\/impressum\/#breadcrumb\",\"itemListElement\":[{\"@type\":\"ListItem\",\"position\":1,\"name\":\"Home\",\"item\":\"https:\/\/mobilitaetspreis.de\/\"},{\"@type\":\"ListItem\",\"position\":2,\"name\":\"Impressum\"}]}]}<\/script>\n<!-- \/ Yoast SEO plugin. -->","yoast_head_json":{"title":"Impressum - Deutscher Mobilit\u00e4tspreis","robots":{"index":"index","follow":"follow","max-snippet":"max-snippet:-1","max-image-preview":"max-image-preview:large","max-video-preview":"max-video-preview:-1"},"canonical":"https:\/\/mobilitaetspreis.de\/ls\/impressum\/","og_locale":"en_US","og_type":"article","og_title":"Impressum - Deutscher Mobilit\u00e4tspreis","og_description":"[vc_row][vc_column][vc_row_inner][vc_column_inner el_id=&#8221;wpml-home-ls&#8221;][\/vc_column_inner][\/vc_row_inner][vc_column_text]Think Tank iRights.Lab (GmbH) Projekt Deutscher Mobilit\u00e4tspreis Oranienstra\u00dfe 185 D-10999 Berlin Telefon: +49 (0)30 40 36 77 230 Fax: +49 (0)30 40 36 77 260 E-Mail:\u00a0info@mobilitaetspreis.de Vertretungsberechtigt: Philipp Otto (Direktor und Gesch\u00e4ftsf\u00fchrer), Dr. Wiebke Gl\u00e4sser (Gesch\u00e4ftsf\u00fchrerin) Registergericht: Amtsgericht Berlin-Charlottenburg, Registernummer: HRB 185640 B Finanzamt: Finanzamt f\u00fcr K\u00f6rperschaften II USt-IdNr.: DE311181302 Inhaltlich Verantwortlicher i.S.d. \u00a755 [&hellip;]","og_url":"https:\/\/mobilitaetspreis.de\/ls\/impressum\/","og_site_name":"Deutscher Mobilit\u00e4tspreis","article_modified_time":"2022-06-16T10:13:11+00:00","og_image":[{"width":2560,"height":1344,"url":"https:\/\/mobilitaetspreis.de\/wp-content\/uploads\/2022\/06\/Preview_Web-05-scaled.jpg","type":"image\/jpeg"}],"twitter_card":"summary_large_image","twitter_site":"@dmp_innovativ","schema":{"@context":"https:\/\/schema.org","@graph":[{"@type":"WebSite","@id":"https:\/\/mobilitaetspreis.de\/#website","url":"https:\/\/mobilitaetspreis.de\/","name":"Deutscher Mobilit\u00e4tspreis","description":"","potentialAction":[{"@type":"SearchAction","target":{"@type":"EntryPoint","urlTemplate":"https:\/\/mobilitaetspreis.de\/?s={search_term_string}"},"query-input":"required name=search_term_string"}],"inLanguage":"ls-LS"},{"@type":"WebPage","@id":"https:\/\/mobilitaetspreis.de\/ls\/impressum\/#webpage","url":"https:\/\/mobilitaetspreis.de\/ls\/impressum\/","name":"Impressum - Deutscher Mobilit\u00e4tspreis","isPartOf":{"@id":"https:\/\/mobilitaetspreis.de\/#website"},"datePublished":"2022-05-30T10:14:59+00:00","dateModified":"2022-06-16T10:13:11+00:00","breadcrumb":{"@id":"https:\/\/mobilitaetspreis.de\/ls\/impressum\/#breadcrumb"},"inLanguage":"ls-LS","potentialAction":[{"@type":"ReadAction","target":["https:\/\/mobilitaetspreis.de\/ls\/impressum\/"]}]},{"@type":"BreadcrumbList","@id":"https:\/\/mobilitaetspreis.de\/ls\/impressum\/#breadcrumb","itemListElement":[{"@type":"ListItem","position":1,"name":"Home","item":"https:\/\/mobilitaetspreis.de\/"},{"@type":"ListItem","position":2,"name":"Impressum"}]}]}},"_links":{"self":[{"href":"https:\/\/mobilitaetspreis.de\/ls\/wp-json\/wp\/v2\/pages\/429"}],"collection":[{"href":"https:\/\/mobilitaetspreis.de\/ls\/wp-json\/wp\/v2\/pages"}],"about":[{"href":"https:\/\/mobilitaetspreis.de\/ls\/wp-json\/wp\/v2\/types\/page"}],"author":[{"embeddable":true,"href":"https:\/\/mobilitaetspreis.de\/ls\/wp-json\/wp\/v2\/users\/1"}],"replies":[{"embeddable":true,"href":"https:\/\/mobilitaetspreis.de\/ls\/wp-json\/wp\/v2\/comments?post=429"}],"version-history":[{"count":5,"href":"https:\/\/mobilitaetspreis.de\/ls\/wp-json\/wp\/v2\/pages\/429\/revisions"}],"predecessor-version":[{"id":842,"href":"https:\/\/mobilitaetspreis.de\/ls\/wp-json\/wp\/v2\/pages\/429\/revisions\/842"}],"wp:attachment":[{"href":"https:\/\/mobilitaetspreis.de\/ls\/wp-json\/wp\/v2\/media?parent=429"}],"curies":[{"name":"wp","href":"https:\/\/api.w.org\/{rel}","templated":true}]}}